{"id":1723,"date":"2020-08-07T11:18:21","date_gmt":"2020-08-07T11:18:21","guid":{"rendered":"http:\/\/wordpress1893812.home.pl\/autoinstalator\/wordpressplus\/?page_id=1723"},"modified":"2023-07-11T08:15:30","modified_gmt":"2023-07-11T08:15:30","slug":"mapy","status":"publish","type":"page","link":"https:\/\/dk12-obwodnicablaszek.pl\/?page_id=1723","title":{"rendered":"Mapy"},"content":{"rendered":"<p style=\"text-align: center;\"><em><span style=\"font-size: 14pt;\">\u00a0<strong>Linki do map z wariantami<\/strong><\/span><\/em><\/p>\n<p style=\"text-align: center;\"><em><span style=\"font-size: 10pt;\">Pliki s\u0105 w formacie PDF, czas pobierania zale\u017cy od pr\u0119dko\u015bci Internetu<\/span><\/em><\/p>\n<table style=\"width: 100%; border-collapse: collapse; border-style: solid; border-color: #ded5d5;\" border=\"1\">\n<tbody>\n<tr>\n<td style=\"width: 732px;\">\n<p style=\"text-align: center;\"><strong><span style=\"font-size: 12pt;\">Plany og\u00f3lne:<\/span><\/strong><\/p>\n<p style=\"text-align: center;\"><a href=\"https:\/\/dk12-obwodnicablaszek.pl\/wp-content\/uploads\/2023\/05\/STES_01_Plan_orientacyjny_297x500.pdf\" target=\"_blank\" rel=\"noopener\"><span style=\"font-size: 12pt;\">Plan orientacyjny<\/span><\/a><\/p>\n<p style=\"text-align: center;\"><a href=\"https:\/\/dk12-obwodnicablaszek.pl\/wp-content\/uploads\/2023\/05\/STES_02_W0_Plan_sytuacyjny_594x1100.pdf\" target=\"_blank\" rel=\"noopener\"><span style=\"font-size: 12pt;\">Plan sytuacyjny &#8211; zbiorczy<\/span><\/a><\/p>\n<p style=\"text-align: center;\"><a href=\"https:\/\/dk12-obwodnicablaszek.pl\/wp-content\/uploads\/2023\/05\/STES_04_Strona_Przekroje_normalne_297x600.pdf\" target=\"_blank\" rel=\"noopener\"><span style=\"font-size: 12pt;\">Przekr\u00f3j normalny<\/span><\/a><\/p>\n<p style=\"text-align: center;\"><strong><span style=\"font-size: 12pt;\">Plany szczeg\u00f3\u0142owe:<\/span><\/strong><\/p>\n<p style=\"text-align: center;\"><a href=\"https:\/\/dk12-obwodnicablaszek.pl\/wp-content\/uploads\/2023\/05\/STES_02_W1_Plan_sytuacyjny_01_297x1100.pdf\"><span style=\"font-size: 12pt;\">Wariant 1 &#8211; Arkusz 1\/3<\/span><\/a><br \/>\n<a href=\"https:\/\/dk12-obwodnicablaszek.pl\/wp-content\/uploads\/2023\/05\/STES_02_W1_Plan_sytuacyjny_02_297x1000.pdf\" target=\"_blank\" rel=\"noopener\"><span style=\"font-size: 12pt;\">Wariant 1 &#8211; Arkusz 2\/3<\/span><\/a><br \/>\n<a href=\"https:\/\/dk12-obwodnicablaszek.pl\/wp-content\/uploads\/2023\/05\/STES_02_W1_Plan_sytuacyjny_03_420x1000.pdf\" target=\"_blank\" rel=\"noopener\"><span style=\"font-size: 12pt;\">Wariant 1 &#8211; Arkusz 3\/3<\/span><\/a><\/p>\n<p style=\"text-align: center;\"><a href=\"https:\/\/dk12-obwodnicablaszek.pl\/wp-content\/uploads\/2023\/05\/STES_02_W2_Plan_sytuacyjny_01_297x1100.pdf\" target=\"_blank\" rel=\"noopener\"><span style=\"font-size: 12pt;\">Wariant 2 &#8211; Arkusz 1\/3<\/span><\/a><br \/>\n<a href=\"https:\/\/dk12-obwodnicablaszek.pl\/wp-content\/uploads\/2023\/05\/STES_02_W2_Plan_sytuacyjny_02_297x1000.pdf\" target=\"_blank\" rel=\"noopener\"><span style=\"font-size: 12pt;\">Wariant 2 &#8211; Arkusz 2\/3<\/span><\/a><br \/>\n<a href=\"https:\/\/dk12-obwodnicablaszek.pl\/wp-content\/uploads\/2023\/05\/STES_02_W2_Plan_sytuacyjny_03_420x1000.pdf\" target=\"_blank\" rel=\"noopener\"><span style=\"font-size: 12pt;\">Wariant 2 &#8211; Arkusz 3\/3<\/span><\/a><\/p>\n<p style=\"text-align: center;\"><a href=\"https:\/\/dk12-obwodnicablaszek.pl\/wp-content\/uploads\/2023\/05\/STES_02_W4_Plan_sytuacyjny_01_297x1100.pdf\" target=\"_blank\" rel=\"noopener\"><span style=\"font-size: 12pt;\">Wariant 4 &#8211; Arkusz 1\/3<\/span><\/a><br \/>\n<a href=\"https:\/\/dk12-obwodnicablaszek.pl\/wp-content\/uploads\/2023\/05\/STES_02_W4_Plan_sytuacyjny_02_297x1100.pdf\" target=\"_blank\" rel=\"noopener\"><span style=\"font-size: 12pt;\">Wariant 4 &#8211; Arkusz 2\/3<\/span><\/a><br \/>\n<a href=\"https:\/\/dk12-obwodnicablaszek.pl\/wp-content\/uploads\/2023\/05\/STES_02_W4_Plan_sytuacyjny_03_297x1100.pdf\" target=\"_blank\" rel=\"noopener\"><span style=\"font-size: 12pt;\">Wariant 4 &#8211; Arkusz 3\/3<\/span><\/a><\/p>\n<\/td>\n<\/tr>\n<\/tbody>\n<\/table>\n<p>&nbsp;<\/p>\n<p>&nbsp;<\/p>\n<hr \/>\n<p>&nbsp;<\/p>\n","protected":false},"excerpt":{"rendered":"<p>\u00a0Linki do map z wariantami Pliki s\u0105 w formacie PDF, czas pobierania zale\u017cy od pr\u0119dko\u015bci Internetu Plany og\u00f3lne: Plan orientacyjny Plan sytuacyjny &#8211; zbiorczy Przekr\u00f3j normalny Plany szczeg\u00f3\u0142owe: Wariant 1 &#8211; Arkusz 1\/3 Wariant 1 &#8211; Arkusz 2\/3 Wariant 1 &#8211; Arkusz 3\/3 Wariant 2 &#8211; Arkusz 1\/3 Wariant 2<a class=\"moretag\" href=\"https:\/\/dk12-obwodnicablaszek.pl\/?page_id=1723\"> Czytaj dalej<\/a><\/p>\n","protected":false},"author":3,"featured_media":2886,"parent":0,"menu_order":0,"comment_status":"closed","ping_status":"closed","template":"","meta":[],"_links":{"self":[{"href":"https:\/\/dk12-obwodnicablaszek.pl\/index.php?rest_route=\/wp\/v2\/pages\/1723"}],"collection":[{"href":"https:\/\/dk12-obwodnicablaszek.pl\/index.php?rest_route=\/wp\/v2\/pages"}],"about":[{"href":"https:\/\/dk12-obwodnicablaszek.pl\/index.php?rest_route=\/wp\/v2\/types\/page"}],"author":[{"embeddable":true,"href":"https:\/\/dk12-obwodnicablaszek.pl\/index.php?rest_route=\/wp\/v2\/users\/3"}],"replies":[{"embeddable":true,"href":"https:\/\/dk12-obwodnicablaszek.pl\/index.php?rest_route=%2Fwp%2Fv2%2Fcomments&post=1723"}],"version-history":[{"count":77,"href":"https:\/\/dk12-obwodnicablaszek.pl\/index.php?rest_route=\/wp\/v2\/pages\/1723\/revisions"}],"predecessor-version":[{"id":3164,"href":"https:\/\/dk12-obwodnicablaszek.pl\/index.php?rest_route=\/wp\/v2\/pages\/1723\/revisions\/3164"}],"wp:featuredmedia":[{"embeddable":true,"href":"https:\/\/dk12-obwodnicablaszek.pl\/index.php?rest_route=\/wp\/v2\/media\/2886"}],"wp:attachment":[{"href":"https:\/\/dk12-obwodnicablaszek.pl\/index.php?rest_route=%2Fwp%2Fv2%2Fmedia&parent=1723"}],"curies":[{"name":"wp","href":"https:\/\/api.w.org\/{rel}","templated":true}]}}